
{"id":1125,"date":"2021-03-22T16:15:00","date_gmt":"2021-03-22T13:15:00","guid":{"rendered":"https:\/\/peakment.com\/tr\/?page_id=1125"},"modified":"2023-01-31T15:30:06","modified_gmt":"2023-01-31T12:30:06","slug":"cambly-seo-case-study","status":"publish","type":"page","link":"https:\/\/peakment.com\/tr\/cambly-seo-case-study\/","title":{"rendered":"Cambly SEO Case Study"},"content":{"rendered":"\n<p>Cambly ile yakla\u015f\u0131k 1 senelik \u00e7al\u0131\u015fmam\u0131z\u0131n sonucunda 300 i\u00e7erikle 0\u2019dan g\u00fcnl\u00fck 35.000  ayl\u0131k 1 Milyon organik trafik yakalamay\u0131 ba\u015fard\u0131k. Bu \u00e7al\u0131\u015fmam\u0131zda pazar lideri olan global bir markaya yakla\u015f\u0131m\u0131m\u0131z\u0131 ve ba\u015far\u0131ya g\u00f6t\u00fcren maddeleri sizlerle payla\u015f\u0131yoruz.<\/p>\n\n\n\n<p><img loading=\"lazy\" decoding=\"async\" width=\"738\" height=\"739\" class=\"wp-image-1140\" style=\"width: px;\" src=\"https:\/\/peakment.com\/tr\/wp-content\/uploads\/2023\/01\/Ekran-Resmi-2023-01-31-15.07.18.png\" alt=\"\" srcset=\"https:\/\/peakment.com\/tr\/wp-content\/uploads\/2023\/01\/Ekran-Resmi-2023-01-31-15.07.18.png 738w, https:\/\/peakment.com\/tr\/wp-content\/uploads\/2023\/01\/Ekran-Resmi-2023-01-31-15.07.18-150x150.png 150w, https:\/\/peakment.com\/tr\/wp-content\/uploads\/2023\/01\/Ekran-Resmi-2023-01-31-15.07.18-300x300.png 300w\" sizes=\"(max-width: 738px) 100vw, 738px\" \/><br><\/p>\n\n\n\n<figure class=\"wp-block-image\"><img decoding=\"async\" src=\"https:\/\/lh4.googleusercontent.com\/_thmVlcBsrb4l-UguYiVGzCAv_zYPZnbbU5rIlaYXFvQr4Nu_XHZ9Y7cLxLpV6QtMxSgvPGNk7Ij4xCBnpqMR52Y0YkWLY9Jo1DgzBkGnhOIhDfqNZyTYg1wWf1pp0UqElgeZL90\" alt=\"\"\/><\/figure>\n\n\n\n<p><\/p>\n\n\n\n<h2 class=\"wp-block-heading\"><strong>\u00c7al\u0131\u015fma Ekibi ;<\/strong><\/h2>\n\n\n\n<p><\/p>\n\n\n\n<h3 class=\"wp-block-heading\"><strong>Cambly;<\/strong><\/h3>\n\n\n\n<p>Demet Torul<\/p>\n\n\n\n<p>Ay\u00e7a P\u0131nar Do\u011fan<\/p>\n\n\n\n<p>Emre \u015eimdi<\/p>\n\n\n\n<h3 class=\"wp-block-heading\"><strong>Peakment;&nbsp;<\/strong><\/h3>\n\n\n\n<p>Serpil Seydoo\u011fullar\u0131<\/p>\n\n\n\n<p>Duygu \u00c7ayda\u015f&nbsp;<\/p>\n\n\n\n<p>O\u011fuz Karao\u011flan<\/p>\n\n\n\n<p>Mehmet Emre Ba\u015f<\/p>\n\n\n\n<p>Yusuf \u00d6zbay<\/p>\n\n\n\n<p>Mustafa \u00d6zkan&nbsp;<\/p>\n\n\n\n<h2 class=\"wp-block-heading\"><strong>ANAL\u0130Z S\u00dcREC\u0130&nbsp;<\/strong><br><\/h2>\n\n\n\n<figure class=\"wp-block-image\"><img decoding=\"async\" src=\"https:\/\/lh4.googleusercontent.com\/OrEw6muE4nKFQFFbltZfVpH1T-lh5X3Xl6YRgOVMroazZkx-SDMlNyyMfos_6FY1hENsa_3ltesj5t1JKayMHUQAgwn4kLRAObA62mlBQAQy4urbb-riEZNx1FoPjB-becPK90bv\" alt=\"\"\/><\/figure>\n\n\n\n<p><strong>\u0130ncelenen 5000 kelimede ilk 10 yo\u011funluk durumunu belirtir grafik<\/strong><br><\/p>\n\n\n\n<p>Cambly ile bu ba\u015far\u0131ya ula\u015fman\u0131n en \u00f6nemli fakt\u00f6r\u00fc do\u011fru analizi ger\u00e7ekle\u015ftirmek oldu. \u00c7al\u0131\u015fmalara ba\u015flamadan \u00f6nce var olan durumu, potansiyellerimizi ve sekt\u00f6r ve rakiplerimizi detayl\u0131 inceledik.&nbsp;<\/p>\n\n\n\n<p>Global markalarda ya\u015fan\u0131lan en zorlu s\u00fcre\u00e7ler, \u00e7al\u0131\u015fan bir sistem \u00fczerinde yeterince manevra alan\u0131n\u0131z\u0131n olmamas\u0131d\u0131r. Silikon Vadisi\u2019nde bulunan Cambly IT ekibi ile \u00f6nceliklerimizi belirleyerek root domain s\u00fcre\u00e7lerinin Cambly taraf\u0131ndan, daha h\u0131zl\u0131 ad\u0131m atabilece\u011fimiz blog yap\u0131s\u0131n\u0131n y\u00f6netiminin Peakment taraf\u0131ndan ger\u00e7ekle\u015fmesi \u00fczerine antant kald\u0131k.&nbsp;<\/p>\n\n\n\n<h3 class=\"wp-block-heading\"><strong>Tespit Etti\u011fimiz Ba\u015fl\u0131ca Problemler;<\/strong><br><\/h3>\n\n\n\n<ul><li>Root domain \u00fczerinde On-Page Gereksinimleri<\/li><li>Root sistem \u00fczerindeki JS hatalar\u0131<\/li><li>Yanl\u0131\u015f dil yap\u0131land\u0131rmas\u0131 ve duplicate content problemi<\/li><li>Zay\u0131f i\u00e7erik ve intente uygun olmayan anahtar kelime hedeflemeleri<\/li><li>Blog yap\u0131s\u0131n\u0131n yanl\u0131\u015f kurgulanmas\u0131.<\/li><\/ul>\n\n\n\n<p><\/p>\n\n\n\n<h2 class=\"wp-block-heading\"><strong>\u00c7\u00d6Z\u00dcM S\u00dcREC\u0130<\/strong><br><\/h2>\n\n\n\n<figure class=\"wp-block-image\"><img decoding=\"async\" src=\"https:\/\/lh6.googleusercontent.com\/9qHh4u2e5dPO8cNJ9yO756FQp59IDW5doRaOKgpz41J_wCmX9MA193M-i6vS4mVfE8hOOPBUSOw7SBsUuYBtMr62fexzXCF6c3mNu06-6kf1buHbKH_azXG4lSqs5vTJC27Ego7-\" alt=\"\"\/><\/figure>\n\n\n\n<p>\u00d6ncelikle h\u0131zl\u0131 bir \u015fekilde root domain \u00fczerinde ki eksiklikleri ve hatalar\u0131 i\u00e7eren 50 sayfal\u0131k bir brief d\u00f6k\u00fcman\u0131 olu\u015fturduk. Manevra alanlar\u0131n\u0131n \u00e7ok olmamas\u0131 sebebiyle bu 50 probleme ( Acil, Zorunlu, Avantaj Sa\u011flar) gibi etiketler ekleyerek en az\u0131ndan IT ekibinin acil alanlara y\u00f6nelmesini sa\u011flad\u0131k.<br><\/p>\n\n\n\n<div class=\"wp-block-image\"><figure class=\"alignleft\"><img decoding=\"async\" src=\"https:\/\/lh3.googleusercontent.com\/fPveH4tNNvTej7cjAbY4hE5NauwqZ0k2-peAsS4gmU32plAH2soNrKNlBo9PXlZE0mNpgOnH9JnLuiKNgrdXnzv5i4Vins3XT_d3GRiomydKtEIZi52rbfhzgxnGpOk1A4YzHhoA\" alt=\"\"\/><\/figure><\/div>\n\n\n\n<p>Ard\u0131ndan blog yap\u0131s\u0131n\u0131n wordpress \u00fczerinde kurulmas\u0131n\u0131 sa\u011flad\u0131k. Bu s\u00fcre\u00e7 t\u00fcm on-page gereksinimlerinin kar\u015f\u0131lanmas\u0131, 7 dil deste\u011fi ve her dili farkl\u0131 bir ekibin y\u00f6netece\u011fi bilinci ile maksimum fayda sa\u011flayacak \u015fekilde kurgulad\u0131k.&nbsp;<br><\/p>\n\n\n\n<p>WordPress\u2019in Multisite \u00f6zelli\u011fi ile her ekibin \u00f6zg\u00fcr fakat core yap\u0131n\u0131n tek bir taraftan y\u00f6netilece\u011fi bir sistem \u00fczerinde \u00e7al\u0131\u015ft\u0131k. Bir \u00e7ok site i\u00e7in \u00f6zelle\u015ftirilebilir olan Worpdress\u2019te core hantall\u0131\u011f\u0131n\u0131n \u00f6n\u00fcne ge\u00e7ebilmek i\u00e7in kodlara m\u00fcdahale ettik.<br><\/p>\n\n\n\n<p>Marka ile belirledi\u011fimiz personalar \u00fczerinde aksiyonlar ald\u0131k ve 300\u2019e yak\u0131n i\u00e7erik \u00fcretimi sa\u011flad\u0131k. Entity Search\u2019e uygun olu\u015fturdu\u011fumuz cluster konular sayesinde kullan\u0131c\u0131 intentini do\u011fru yakalamaya \u00e7al\u0131\u015ft\u0131k.&nbsp;<br><\/p>\n\n\n\n<p>Olu\u015fturdu\u011fumuz i\u00e7eriklerde de s\u00fcrekli optimizasyon ger\u00e7ekle\u015ftirerek 1 y\u0131l gibi bir s\u00fcrede ayl\u0131k 1.000.000 trafik yolculu\u011fumuza ba\u015flam\u0131\u015f olduk.&nbsp;<\/p>\n\n\n\n<h2 class=\"wp-block-heading\"><strong>Ba\u015far\u0131ya G\u00f6t\u00fcren Ad\u0131mlar<\/strong><\/h2>\n\n\n\n<h3 class=\"wp-block-heading\"><strong>Persona Belirlenmesi&nbsp;<\/strong><\/h3>\n\n\n\n<p>\u00c7al\u0131\u015fmalar\u0131m\u0131z\u0131n ba\u015flang\u0131c\u0131nda 3 ana persona belirledik. K\u0131saca anlatmak gerekirse,<br><\/p>\n\n\n\n<ul><li>Hi\u00e7 \u0130ngilizce bilmeyen Mert,<\/li><li>\u0130ngilizce yazabiliyorum ama anlamakta problem ya\u015f\u0131yorum diyen Ece,<\/li><li>Rahat \u0130ngilizce konu\u015fabilen fakat sunum yapacak kadar ak\u0131c\u0131 olmak isteyen G\u00fcne\u015f.<\/li><\/ul>\n\n\n\n<p>Bu personalar\u0131 haz\u0131rlad\u0131ktan sonra neler arayabileceklerini anahtar kelime seviyesinde tahmin etmeye \u00e7al\u0131\u015ft\u0131k. Ve bu \u00e7al\u0131\u015fma bize \u00e7ok de\u011ferli bir \u00e7\u0131k\u0131\u015f noktas\u0131 verdi.&nbsp;<br><\/p>\n\n\n\n<p>\u00d6rne\u011fin \u201cFriends\u201d dizisini izleyen hi\u00e7 \u0130ngilizce bilmeyen bir persona \u201cfriends t\u00fcrk\u00e7e dublaj\u201d diye arama yaparken, k\u00f6t\u00fc dublaj ile izleme keyfini d\u00fc\u015f\u00fcrmek istemeyenler \u201cfriends t\u00fcrk\u00e7e altyaz\u0131l\u0131\u201d olarak arama yap\u0131yorlar.&nbsp;<br><\/p>\n\n\n\n<p>Peki \u201cfriends ingilizce altyaz\u0131\u201d olarak arama yapan kullan\u0131c\u0131n\u0131n niyeti nedir?&nbsp;<\/p>\n\n\n\n<p>Evet, bizde \u00f6yle d\u00fc\u015f\u00fcnm\u00fc\u015ft\u00fck.<br><\/p>\n\n\n\n<h3 class=\"wp-block-heading\"><strong>Entity Search ve Personalar\u0131n \u0130lgi Alanlar\u0131<\/strong><br><\/h3>\n\n\n\n<p>\u0130\u00e7erik odakl\u0131 t\u00fcm \u00e7al\u0131\u015fmalar\u0131m\u0131zda entity search kavram\u0131n\u0131 ilk \u00f6ncelik olarak belirliyoruz. Siz bir i\u00e7erik olu\u015ftururken, motordan, beygir g\u00fcc\u00fcnden, tork\u2019tan, lastik ebatlar\u0131ndan bahsediyorsan\u0131z, muhtemelen bir arabay\u0131 anlatmaya \u00e7al\u0131\u015f\u0131yorsunuz.&nbsp;<br><\/p>\n\n\n\n<p>Bu sebeple olu\u015fturaca\u011f\u0131m\u0131z i\u00e7erikleri ve alt ba\u015fl\u0131klar\u0131n\u0131 iyi bir \u015fekilde belirledik. Di\u011fer i\u00e7erik projelerinden farkl\u0131 olarak sadece ingilizce ba\u011flam\u0131nda kalmad\u0131k. Yukar\u0131da da \u00f6rneklendirdi\u011fimiz \u00fczere personalar\u0131n ilgi alanlar\u0131 do\u011frultusunda i\u00e7erik olu\u015fturmaya karar verdik.&nbsp;<br><\/p>\n\n\n\n<figure class=\"wp-block-image\"><img decoding=\"async\" src=\"https:\/\/lh5.googleusercontent.com\/VI8e-MGKZ7NItagEH4IUaKMNpTVx1JbUPM8XytCCpHZ74KsKukeFK397E2jlfxYbS8YW4-lGwsNwn9unGHCbwDJc5rU2Li9aiSeCzIAuyYwoSins1t9_te6XFijcuB3_dva0Kf8Z\" alt=\"\"\/><\/figure>\n\n\n\n<p>Cambly Blog \u00fczerinde izleyebilece\u011finiz dizi \/ film \u00f6nerilerinin yan\u0131 s\u0131ra,&nbsp;<\/p>\n\n\n\n<p>yurtd\u0131\u015f\u0131 seyahatleriniz i\u00e7in rotalar veya \u015firketlerle yaz\u0131\u015fabilece\u011finiz \u00f6rnekler gibi 300 i\u00e7erik olu\u015fturduk.<br><\/p>\n\n\n\n<h3 class=\"wp-block-heading\"><strong>\u0130\u00e7erik Olu\u015fumu<\/strong><br><\/h3>\n\n\n\n<p>Peakment i\u00e7erik ekibi bu ba\u015far\u0131da ki \u00f6nemli kilit noktalardan. Burada s\u0131k\u00e7a sorulan bir soruya a\u00e7\u0131kl\u0131k getirmek istiyoruz. Edit\u00f6rlerimizin hi\u00e7biri SEO kavram\u0131n\u0131 bilmiyor. Yazd\u0131klar\u0131 yaz\u0131lar ile Google\u2019da \u00fcst s\u0131ralara \u00e7\u0131kma amac\u0131 ta\u015f\u0131m\u0131yorlar. \u0130\u00e7erikte \u015fu kadar kelime yaz\u0131lmal\u0131 veya \u015fu anahtar kelime bu kadar ge\u00e7meli gibi hi\u00e7 bir mit yok.&nbsp;<\/p>\n\n\n\n<p>Bir i\u00e7erik olu\u015fumunda beklentilerimiz \u015fu \u015fekilde,<\/p>\n\n\n\n<ul><li>Tamamen kullan\u0131c\u0131 ihtiya\u00e7lar\u0131 odakl\u0131 bir i\u00e7erik,<\/li><li>Kullan\u0131c\u0131y\u0131 doyuracak uzunlukta. (Bilgi eksik kalmamal\u0131, fakat dolduraca\u011f\u0131z diye afaki paragraflarda olmamal\u0131),<\/li><li>Tamamen \u00f6zg\u00fcn i\u00e7erikler,<\/li><li>Giri\u015f, geli\u015fme ve sonucu olan, okunabilirli\u011fi y\u00fcksek i\u00e7erikler. (maddelendirme, tablo kullan\u0131m\u0131 italik ve boldlama, paragraf uzulukluklar\u0131 vb)&nbsp;<\/li><\/ul>\n\n\n\n<p>Edit\u00f6rlerimiz i\u00e7eriklerini ilettikten sonra SEO uzmanlar\u0131m\u0131z s\u00fcrece dahil olarak i\u00e7eri\u011fe gerekli m\u00fcdahaleleri yap\u0131yorlar. Bu projeye \u00f6zel olarak Google Ads ekibimiz Title ve Desc\u2019ler i\u00e7inde CTR\u2019\u0131 artt\u0131rmak ama\u00e7l\u0131 \u00e7al\u0131\u015fma ger\u00e7ekle\u015ftirdiler.<\/p>\n\n\n\n<p><\/p>\n\n\n\n<h3 class=\"wp-block-heading\"><strong>Blog Yap\u0131s\u0131n\u0131n Kurulmas\u0131<\/strong><br><\/h3>\n\n\n\n<p>WordPress Multisite kullanma karar\u0131m\u0131z ile birlikte \u00f6ncelikle duplicate content olabilecek t\u00fcm subdomainlerde ki de\u011ferli i\u00e7erikleri \u00e7ektik ve bu subdomainlerin tamam\u0131n\u0131 kapatt\u0131k. Kapat\u0131lan subdomainleri, yeni blogumuzda e\u015fleni\u011fi olan sayfalara y\u00f6nlendirdik.&nbsp;<br><\/p>\n\n\n\n<p>Blog yap\u0131s\u0131n\u0131 reverse proxy\u2019i ile subfolderda kuracak olarak kurgulam\u0131\u015ft\u0131k. Fakat IT ekibi bunu ger\u00e7ekle\u015ftirmeyece\u011fini iletince projede en zorland\u0131\u011f\u0131m\u0131z k\u0131s\u0131m blog yap\u0131s\u0131n\u0131n bir subdomaine kurulacak olmas\u0131 oldu, bunun bir di\u011fer anlam\u0131 domain otoritesi olmayan bir alan ile ba\u015flamak. Cambly g\u00fc\u00e7l\u00fc bir marka bilinirli\u011fine sahip olmas\u0131 sebebiyle internal linklemeleri ve yap\u0131lan i\u015fbirlikleri (Youtube Influencer, Blogger) \u00e7al\u0131\u015fmalar\u0131na blog linklendirmesini sa\u011flayarak bu zorlu\u011fu da a\u015fm\u0131\u015f olduk.<br><\/p>\n\n\n\n<p>Ard\u0131ndan dil etiketlerini do\u011fru bir \u015fekilde kurgulad\u0131k, gerek root gerek URL path \u00f6zelinde m\u00fcmk\u00fcn olan en optimal \u00e7al\u0131\u015fmalarla do\u011fru hedeflemeleri sa\u011flad\u0131k.&nbsp;<br><\/p>\n\n\n\n<p>\u00d6zellikle, Yusuf \u00d6zbay\u2019\u0131n on-page konusunda ki tecr\u00fcbeleri s\u00fcper h\u0131zl\u0131 bir blog in\u015fa etmemizi sa\u011flad\u0131.<br><\/p>\n\n\n\n<h3 class=\"wp-block-heading\"><strong>S\u00fcrekli Optimizasyon<\/strong><br><\/h3>\n\n\n\n<p>Cambly ile olu\u015fturdu\u011fumuz 300\u2019e yak\u0131n i\u00e7erik hala daha s\u00fcrekli optimize ediliyor. Kullan\u0131c\u0131 intentini anlayabilece\u011fimiz her alanda optimizasyonlar ger\u00e7ekle\u015ftiriyoruz. Bir i\u00e7erik 10. sayfadan 4. s\u0131raya y\u00fckseldiyse, bizim i\u00e7in \u00e7ok \u00f6nemli bir ba\u015far\u0131.<br><\/p>\n\n\n\n<p>Fakat 1. s\u0131raya neden y\u00fckselmiyoruz? sorusu s\u00fcrekli optimizasyon yapmam\u0131z\u0131 sa\u011fl\u0131yor. \u00d6rne\u011fin; ingilizce telaffuz aramalar\u0131nda i\u00e7eriklerimize sonradan telaffuzu da dinleyebilecekleri bir mp3 ses y\u00fckleyerek kullan\u0131c\u0131n\u0131 intentine do\u011fru cevaplar verebildik ve bu bizim s\u0131ralar\u0131m\u0131z\u0131 daha da yukar\u0131 artt\u0131rmam\u0131za olanak sa\u011flad\u0131.&nbsp;<\/p>\n\n\n\n<h3 class=\"wp-block-heading\"><strong>Sat\u0131\u015fa Y\u00f6nlendirme<\/strong><\/h3>\n\n\n\n<p><\/p>\n\n\n\n<figure class=\"wp-block-image\"><img decoding=\"async\" src=\"https:\/\/lh3.googleusercontent.com\/GWRC1tO_xI3C0lxg4xu4QX3zN73TxDhrwgIodRRVqZir1L8RiuKmxzs17CxOVsmfSeISp_Tx6TltnEZVh0zpbP-WTb36M3Q5qW7eISx--2Zk2lcPzPzWjrQXpnTnkxaQxDBExg11\" alt=\"\"\/><\/figure>\n\n\n\n<p>T\u00fcm ticari \u00e7al\u0131\u015fmalarda oldu\u011fu gibi SEO s\u00fcre\u00e7lerinde de organik trafi\u011fin bir kanal oldu\u011fu ve bu kanal\u0131n sat\u0131\u015f\u0131 desteklemesi gerekti\u011fini d\u00fc\u015f\u00fcnd\u00fck. Gerek i\u00e7eriklerde gerek site yerle\u015fiminde yapt\u0131\u011f\u0131m\u0131z call to action \u00e7al\u0131\u015fmalar\u0131 sayesinde non-brand organik trafik ile elde edilen kay\u0131t say\u0131s\u0131n\u0131 12 kat artt\u0131rd\u0131k.&nbsp;<br><\/p>\n\n\n\n<blockquote class=\"wp-block-quote is-layout-flow wp-block-quote-is-layout-flow\"><p><strong>Ay\u00e7a P\u0131nar Do\u011fan &#8211; Cambly<\/strong><br>Peakment Cambly blo\u011fumuzu s\u0131f\u0131rdan kurdu ve bug\u00fcnk\u00fc noktaya gelmesini sa\u011flad\u0131. Yaz\u0131lar\u0131n ve trafi\u011fin takibini d\u00fczenli ve efektif \u015fekilde yaparak Cambly blo\u011fun olduk\u00e7a g\u00fczel bir yere gelmesini sa\u011flad\u0131lar. Kendilerine blo\u011fumuzdaki eforlar\u0131 ve ba\u015far\u0131lar\u0131 i\u00e7in ve ayl\u0131k geli\u015fmeleri d\u00fczenli raporlayarak bizimle payla\u015ft\u0131klar\u0131 i\u00e7in te\u015fekk\u00fcr ederiz.<\/p><\/blockquote>\n\n\n\n<p><\/p>\n","protected":false},"excerpt":{"rendered":"<p>Cambly ile yakla\u015f\u0131k 1 senelik \u00e7al\u0131\u015fmam\u0131z\u0131n sonucunda 300 i\u00e7erikle 0\u2019dan g\u00fcnl\u00fck 35.000 ayl\u0131k 1 Milyon organik trafik yakalamay\u0131 ba\u015fard\u0131k. Bu \u00e7al\u0131\u015fmam\u0131zda pazar lideri olan global bir markaya yakla\u015f\u0131m\u0131m\u0131z\u0131 [&hellip;]<\/p>\n","protected":false},"author":1,"featured_media":1130,"parent":0,"menu_order":0,"comment_status":"closed","ping_status":"closed","template":"page-hikaye.php","meta":{"footnotes":""},"_links":{"self":[{"href":"https:\/\/peakment.com\/tr\/wp-json\/wp\/v2\/pages\/1125"}],"collection":[{"href":"https:\/\/peakment.com\/tr\/wp-json\/wp\/v2\/pages"}],"about":[{"href":"https:\/\/peakment.com\/tr\/wp-json\/wp\/v2\/types\/page"}],"author":[{"embeddable":true,"href":"https:\/\/peakment.com\/tr\/wp-json\/wp\/v2\/users\/1"}],"replies":[{"embeddable":true,"href":"https:\/\/peakment.com\/tr\/wp-json\/wp\/v2\/comments?post=1125"}],"version-history":[{"count":9,"href":"https:\/\/peakment.com\/tr\/wp-json\/wp\/v2\/pages\/1125\/revisions"}],"predecessor-version":[{"id":1142,"href":"https:\/\/peakment.com\/tr\/wp-json\/wp\/v2\/pages\/1125\/revisions\/1142"}],"wp:featuredmedia":[{"embeddable":true,"href":"https:\/\/peakment.com\/tr\/wp-json\/wp\/v2\/media\/1130"}],"wp:attachment":[{"href":"https:\/\/peakment.com\/tr\/wp-json\/wp\/v2\/media?parent=1125"}],"curies":[{"name":"wp","href":"https:\/\/api.w.org\/{rel}","templated":true}]}}