
{"id":603,"date":"2019-06-17T16:18:53","date_gmt":"2019-06-17T13:18:53","guid":{"rendered":"https:\/\/peakment.com\/tr\/?page_id=603"},"modified":"2019-06-20T12:44:50","modified_gmt":"2019-06-20T09:44:50","slug":"ozel-ege-lisesi","status":"publish","type":"page","link":"https:\/\/peakment.com\/tr\/ozel-ege-lisesi\/","title":{"rendered":"\u00d6zel Ege Lisesi"},"content":{"rendered":"\n<h2 class=\"wp-block-heading\">Proje \u00d6zeti<\/h2>\n\n\n\n<p>\u0130zmir&#8217;in en k\u00f6kl\u00fc kolejlerinden \u00d6zel Ege Lisesi 2019 kay\u0131t d\u00f6neminde daha fazla kay\u0131t toplamak i\u00e7in Google Ads ve Sosyal Medya reklamlar\u0131n\u0131 tercih ettiler.<\/p>\n\n\n\n<h2 class=\"wp-block-heading\">Neler Yapt\u0131k ? <\/h2>\n\n\n\n<ul><li>Markan\u0131n hedef kitle profillerini belirleyerek vermek istedi\u011fimiz mesaja en uygun kanallar\u0131 belirledik. <\/li><li>\u0130nternet sitesinin form toplamaya \u00e7ok m\u00fcsait olmamas\u0131 sebebiyle landing page olu\u015fturulmas\u0131n\u0131 ve bu sayfada bir tak\u0131m d\u00f6n\u00fc\u015f\u00fcm oran\u0131n\u0131 artt\u0131racak best practice &#8216;lere yer verdik.<\/li><li>Detayl\u0131 anahtar kitle analizinin yan\u0131 s\u0131ra, Google GDN ve Sosyal Medya  kanallar\u0131nda net hedef kitleleri olu\u015fturmak i\u00e7in testler ger\u00e7ekle\u015ftirdik. <\/li><\/ul>\n\n\n\n<h2 class=\"wp-block-heading\">Sonu\u00e7<\/h2>\n\n\n\n<p>T\u00fcm bu \u00e7al\u0131\u015fmalar\u0131n sonucunda, \u00d6zel Ege Lisesi tarihi boyunca en y\u00fcksek kay\u0131t say\u0131s\u0131na ula\u015ft\u0131k. Bu rakam bir \u00f6nceki seneye g\u00f6re tam 3 kat daha fazla. \u00dcstelik ge\u00e7en seneki rakam\u0131 sadece ilk 3 g\u00fcn i\u00e7erisinde egale ettik.<\/p>\n\n\n\n<h2 class=\"wp-block-heading\">Proje Ekibi<\/h2>\n\n\n\n<h3 class=\"wp-block-heading\">\u00d6zel Ege Lisesi Ekibi<\/h3>\n\n\n\n<ul><li>Tayfun Delice &#8211; Kurumsal \u0130leti\u015fim M\u00fcd\u00fcr\u00fc<\/li><li>Elif Ba\u015fk\u00f6k &#8211; Kurumsal \u0130leti\u015fim Uzman\u0131<\/li><\/ul>\n\n\n\n<h3 class=\"wp-block-heading\">Peakment Ekibi<\/h3>\n\n\n\n<ul><li>Mustafa \u00d6zkan &#8211; Dijital Pazarlama Uzman\u0131<\/li><li>\u0130brahim Ak\u015fen &#8211; Google Ads Hesap Y\u00f6neticisi<\/li><li>Cihan Ba\u011fdatl\u0131 &#8211; Google Ads Hesap Y\u00f6neticisi<\/li><\/ul>\n","protected":false},"excerpt":{"rendered":"<p>Proje \u00d6zeti \u0130zmir&#8217;in en k\u00f6kl\u00fc kolejlerinden \u00d6zel Ege Lisesi 2019 kay\u0131t d\u00f6neminde daha fazla kay\u0131t toplamak i\u00e7in Google Ads ve Sosyal Medya reklamlar\u0131n\u0131 tercih ettiler. Neler Yapt\u0131k ? [&hellip;]<\/p>\n","protected":false},"author":1,"featured_media":0,"parent":0,"menu_order":0,"comment_status":"closed","ping_status":"closed","template":"page-hikaye.php","meta":{"footnotes":""},"_links":{"self":[{"href":"https:\/\/peakment.com\/tr\/wp-json\/wp\/v2\/pages\/603"}],"collection":[{"href":"https:\/\/peakment.com\/tr\/wp-json\/wp\/v2\/pages"}],"about":[{"href":"https:\/\/peakment.com\/tr\/wp-json\/wp\/v2\/types\/page"}],"author":[{"embeddable":true,"href":"https:\/\/peakment.com\/tr\/wp-json\/wp\/v2\/users\/1"}],"replies":[{"embeddable":true,"href":"https:\/\/peakment.com\/tr\/wp-json\/wp\/v2\/comments?post=603"}],"version-history":[{"count":3,"href":"https:\/\/peakment.com\/tr\/wp-json\/wp\/v2\/pages\/603\/revisions"}],"predecessor-version":[{"id":615,"href":"https:\/\/peakment.com\/tr\/wp-json\/wp\/v2\/pages\/603\/revisions\/615"}],"wp:attachment":[{"href":"https:\/\/peakment.com\/tr\/wp-json\/wp\/v2\/media?parent=603"}],"curies":[{"name":"wp","href":"https:\/\/api.w.org\/{rel}","templated":true}]}}